{"id":17237,"date":"2024-06-26T13:23:07","date_gmt":"2024-06-26T13:23:07","guid":{"rendered":"https:\/\/olioils.rs\/politika-kolacica\/"},"modified":"2024-06-26T13:53:27","modified_gmt":"2024-06-26T13:53:27","slug":"politika-kolacica","status":"publish","type":"page","link":"https:\/\/olioils.rs\/sr\/politika-kolacica\/","title":{"rendered":"Politika Kola\u010di\u0107a"},"content":{"rendered":"\t\t<div data-elementor-type=\"wp-page\" data-elementor-id=\"17237\" class=\"elementor elementor-17237 elementor-17231\" data-elementor-post-type=\"page\">\n\t\t\t\t<div class=\"elementor-element elementor-element-1e8e73b animated-slow e-flex e-con-boxed elementor-invisible e-con e-parent\" data-id=\"1e8e73b\" data-element_type=\"container\" data-settings=\"{&quot;animation&quot;:&quot;fadeIn&quot;,&quot;animation_delay&quot;:500}\">\n\t\t\t\t\t<div class=\"e-con-inner\">\n\t\t\t\t<div class=\"elementor-element elementor-element-983767b elementor-widget elementor-widget-heading\" data-id=\"983767b\" data-element_type=\"widget\" data-widget_type=\"heading.default\">\n\t\t\t\t<div class=\"elementor-widget-container\">\n\t\t\t\t\t<h2 class=\"elementor-heading-title elementor-size-default\">Politika Kola\u010di\u0107a<\/h2>\t\t\t\t<\/div>\n\t\t\t\t<\/div>\n\t\t\t\t\t<\/div>\n\t\t\t\t<\/div>\n\t\t<div class=\"elementor-element elementor-element-5084b39 e-flex e-con-boxed e-con e-parent\" data-id=\"5084b39\" data-element_type=\"container\">\n\t\t\t\t\t<div class=\"e-con-inner\">\n\t\t\t\t<div class=\"elementor-element elementor-element-94d4a93 elementor-widget elementor-widget-text-editor\" data-id=\"94d4a93\" data-element_type=\"widget\" data-widget_type=\"text-editor.default\">\n\t\t\t\t<div class=\"elementor-widget-container\">\n\t\t\t\t\t\t\t\t\t<p>U primeni od: 1. januara 2024. godine<\/p><p>Olioils koncept (&#8222;Olioils&#8220;, &#8222;mi&#8220; ili &#8222;na\u0161&#8220;) upotrebljava tehnologiju kola\u010di\u0107a i drugih tehnologija za pra\u0107enje na svom sajtu <a href=\"https:\/\/olioils\">https:\/\/olioils<\/a>.rs\/. Kola\u010di\u0107i (<em>cookies<\/em>) su male tekstualne datoteke koje website koji pose\u0107ujete sme\u0161ta u Va\u0161 ure\u0111aj (kompjuter, laptop, mobilni telefon, i sl.).<\/p><p>Cilj ove Politike kola\u010di\u0107a je da Vam pru\u017ei informacije o svakoj vrsti kola\u010di\u0107a i drugih tehnologija za pra\u0107enje koje koristimo, uklju\u010duju\u0107i podatke koje prikupljamo i svrhu u koju ih obra\u0111ujemo. Iz Politike kola\u010di\u0107a mo\u017eete saznati i koliko dugo se kola\u010di\u0107i zadr\u017eavaju u Va\u0161em ure\u0111aju. Politika kola\u010di\u0107a Vas tako\u0111e obave\u0161tava na koji na\u010din mo\u017eete da isklju\u010dite kola\u010di\u0107e, odnosno da se sa njihovim instaliranjem saglasite ili ne saglasite.<\/p><p><strong>Vrste kola\u010di\u0107a <\/strong><\/p><p>Olioils postavlja dve vrste kola\u010di\u0107a: tzv. neophodne kola\u010di\u0107e i Google Analytics kola\u010di\u0107e.<\/p><p><u>Neophodni kola\u010di\u0107i<\/u><\/p><p>Neophodni kola\u010di\u0107i omogu\u0107avaju da sajt operi\u0161e na optimalan na\u010din. \u00a0U tu svrhu, koristimo kola\u010di\u0107e OptanonConsent (ili OptanonAlertBoxClosed). Ovi kola\u010di\u0107i se zadr\u017eavaju u ure\u0111aju godinu dana. Svrha obrade podataka putem ovih kola\u010di\u0107a je da pamte Va\u0161u posetu na\u0161em sajtu, kako Vam ne bismo prilikom slede\u0107ih poseta upu\u0107ivali obave\u0161tenja o kori\u0161\u0107enju kola\u010di\u0107a.\u00a0\u00a0<\/p><p>\u00a0<\/p><p>Korisnik mo\u017ee da isklju\u010di ove kola\u010di\u0107e putem pode\u0161avanja pretra\u017eiva\u010da (browser), s tim da je nakon isklju\u010divanja kori\u0161\u0107enje website-a ote\u017eano. Ukoliko \u017eelite da isklju\u010dite neophodne kola\u010di\u0107e, to mo\u017eete u\u010diniti na na\u010din opisan na donjim linkovima:<\/p><p>\u00a0<\/p><p><a href=\"https:\/\/support.microsoft.com\/en-us\/help\/17442\/windows-internet-explorer-delete-manage-cookies\" target=\"_blank\" rel=\"noopener\">Internet Explorer<\/a> <a href=\"https:\/\/support.google.com\/accounts\/answer\/61416?co=GENIE.Platform%253DDesktop&amp;hl=en\" target=\"_blank\" rel=\"noopener\">Chrome<\/a> <a href=\"https:\/\/support.mozilla.org\/en-US\/kb\/block-websites-storing-cookies-site-data-firefox#targetText=To%2520set%2520Firefox%2520to%2520block%2520cookies%2520from%2520all%2520websites%253A,may%2520cause%2520websites%2520to%2520break).\" target=\"_blank\" rel=\"noopener\">Firefox<\/a> <a href=\"https:\/\/support.apple.com\/en-gb\/guide\/safari\/sfri11471\/mac\" target=\"_blank\" rel=\"noopener\">Safari<\/a><\/p><p>\u00a0<\/p><p><u>Google Analytics<\/u><\/p><p>Ove kola\u010di\u0107e koristimo radi prikupljanja podataka o posetama na\u0161em website-u. Ovi podaci su nam potrebni kako bismo unapredili rad website-a. Ovi kola\u010dic\u0301i ne prikupljaju informacije koje vas direktno identifikuju, nego zbirne informacije o posetiocima sajta.\u00a0 Podaci se odnose na broj posetilaca sajta, pose\u0107enost pojedinih stranica u okviru sajta, internet stranice sa kojih korisnici prelaze na na\u0161 sajt, podru\u010dje na kom se korisnici nalaze, i sli\u010dno. Koristimo slede\u0107e Google Analytics kola\u010di\u0107e:<\/p><p>\u00a0<\/p><p>\u00a0<\/p><table width=\"624\"><tbody><tr><td width=\"198\"><p>Naziv kola\u010di\u0107a<\/p><\/td><td width=\"132\"><p>Vreme zadr\u017eavanja u ure\u0111aju<\/p><\/td><td width=\"294\"><p>Svrha u koju se podaci obra\u0111uju<\/p><\/td><\/tr><tr><td width=\"198\"><p>_ga<\/p><\/td><td width=\"132\"><p>2 godine\u00a0\u00a0\u00a0\u00a0\u00a0\u00a0\u00a0\u00a0\u00a0\u00a0<\/p><\/td><td width=\"294\"><p>razlikovanje korisnika<\/p><\/td><\/tr><tr><td width=\"198\"><p>_gid\u00a0\u00a0\u00a0\u00a0<\/p><\/td><td width=\"132\"><p>24 sata<\/p><\/td><td width=\"294\"><p>pra\u0107enje korisnikovog postupanja na sajtu<\/p><\/td><\/tr><tr><td width=\"198\"><p>_gat\u00a0\u00a0\u00a0\u00a0\u00a0<\/p><\/td><td width=\"132\"><p>10 minuta\u00a0\u00a0\u00a0\u00a0\u00a0\u00a0\u00a0\u00a0<\/p><\/td><td width=\"294\"><p>kontrolisanje broja zahteva za kori\u0161\u0107enje Google doubleclick-a<\/p><\/td><\/tr><\/tbody><\/table><p>\u00a0<\/p><p>\u00a0<\/p><p>Podatke prikupljene putem Google Analytics ne delimo sa bilo kojom tre\u0107om stranom.<\/p><p>Vi\u0161e detalja o obradi podataka putem Google Analytics kola\u010di\u0107a, uklju\u010duju\u0107i i to koliko se dugo Google zadr\u017eava ove podatke na svojim serverima mo\u017eete na\u0107i na web adresi <a href=\"https:\/\/support.google.com\/analytics\/answer\/6004245\" target=\"_blank\" rel=\"noopener\">https:\/\/support.google.com\/analytics\/answer\/6004245<\/a>. Informacije o tome kako mo\u017eete da isklju\u010dite Google Analytics kola\u010di\u0107e nalaze se na stranici <a href=\"https:\/\/tools.google.com\/dlpage\/gaoptout\" target=\"_blank\" rel=\"noopener\">https:\/\/tools.google.com\/dlpage\/gaoptout<\/a>.<\/p><p>\u00a0<\/p><p>\u00a0\u00a0\u00a0\u00a0\u00a0\u00a0\u00a0\u00a0\u00a0\u00a0\u00a0\u00a0\u00a0\u00a0\u00a0\u00a0\u00a0\u00a0\u00a0\u00a0\u00a0\u00a0\u00a0\u00a0\u00a0\u00a0\u00a0\u00a0\u00a0\u00a0\u00a0\u00a0\u00a0\u00a0\u00a0\u00a0\u00a0\u00a0\u00a0\u00a0\u00a0\u00a0\u00a0\u00a0\u00a0\u00a0\u00a0\u00a0\u00a0\u00a0\u00a0\u00a0\u00a0\u00a0\u00a0\u00a0\u00a0\u00a0\u00a0\u00a0\u00a0\u00a0\u00a0\u00a0\u00a0\u00a0\u00a0\u00a0\u00a0\u00a0\u00a0\u00a0\u00a0 \u00a0\u00a0\u00a0\u00a0\u00a0\u00a0\u00a0\u00a0\u00a0\u00a0\u00a0\u00a0\u00a0\u00a0\u00a0\u00a0\u00a0\u00a0\u00a0\u00a0\u00a0\u00a0\u00a0\u00a0\u00a0\u00a0\u00a0\u00a0\u00a0\u00a0\u00a0\u00a0\u00a0\u00a0\u00a0\u00a0\u00a0\u00a0\u00a0\u00a0\u00a0\u00a0\u00a0\u00a0\u00a0\u00a0\u00a0\u00a0\u00a0<\/p><p><strong>Druge tehnologije za pra\u0107enje <\/strong><\/p><p><u>Facebook pixels<\/u><\/p><p>Ova\u00a0 tehnologija za pra\u0107enje prepoznaje aktivnosti korisnika na\u0161eg sajta, kao \u0161to su pose\u0107ene stranice i ure\u0111aj koji korisnik koristi. Ove podatke mo\u017eemo da prikupljamo ako je korisnik na\u0161eg sajta pri tom ulogovan na dru\u0161tvenoj mre\u017ei Facebook. Prikupljene podatke mo\u017eemo da koristimo u svrhu direktnog marketinga. Kompanija Facebook tako\u0111e ima pristup ovim podacima. Kola\u010di\u0107i se u Va\u0161em ure\u0111aju zadr\u017eavaju dok ste ulogovani na Facebook-u.\u00a0\u00a0<\/p><p>\u00a0<\/p><p><strong>Obave\u0161tenje o izmenama<\/strong><\/p><p>\u00a0<\/p><p>Izmene u ovoj Politici kola\u010di\u0107a bi\u0107e objavljivane na Olioils website-u i va\u017ei\u0107e po\u010dev od dana objavljivanja. Izmene \u0107e se odnositi na podatke koje budemo prikupljali od dana njihovog objavljivanja, a ne i na podatke koje smo do tada prikupili. Va\u0161a je odgovornost da pregledate ovu Politiku kola\u010di\u0107a s vremena na vreme, i da se upoznate sa njenim izmenama.<\/p><p>Ukoliko imate pitanja ili primedbe u vezi sa obradom Va\u0161ih podataka, mo\u017eete nam pisati na <a href=\"mailto:hello@olioils.rs\">hello@olioils.rs<\/a>.<\/p>\t\t\t\t\t\t\t\t<\/div>\n\t\t\t\t<\/div>\n\t\t\t\t\t<\/div>\n\t\t\t\t<\/div>\n\t\t\t\t<\/div>\n\t\t","protected":false},"excerpt":{"rendered":"<p>Politika Kola\u010di\u0107a U primeni od: 1. januara 2024. godine Olioils koncept (&#8222;Olioils&#8220;, &#8222;mi&#8220; ili &#8222;na\u0161&#8220;) upotrebljava tehnologiju kola\u010di\u0107a i drugih tehnologija za pra\u0107enje na svom sajtu https:\/\/olioils.rs\/. Kola\u010di\u0107i (cookies) su male tekstualne datoteke koje website koji pose\u0107ujete sme\u0161ta u Va\u0161 ure\u0111aj (kompjuter, laptop, mobilni telefon, i sl.). Cilj ove Politike kola\u010di\u0107a je da Vam pru\u017ei [&hellip;]<\/p>\n","protected":false},"author":1,"featured_media":0,"parent":0,"menu_order":0,"comment_status":"closed","ping_status":"closed","template":"","meta":{"footnotes":""},"class_list":["post-17237","page","type-page","status-publish","hentry"],"_links":{"self":[{"href":"https:\/\/olioils.rs\/sr\/wp-json\/wp\/v2\/pages\/17237","targetHints":{"allow":["GET"]}}],"collection":[{"href":"https:\/\/olioils.rs\/sr\/wp-json\/wp\/v2\/pages"}],"about":[{"href":"https:\/\/olioils.rs\/sr\/wp-json\/wp\/v2\/types\/page"}],"author":[{"embeddable":true,"href":"https:\/\/olioils.rs\/sr\/wp-json\/wp\/v2\/users\/1"}],"replies":[{"embeddable":true,"href":"https:\/\/olioils.rs\/sr\/wp-json\/wp\/v2\/comments?post=17237"}],"version-history":[{"count":4,"href":"https:\/\/olioils.rs\/sr\/wp-json\/wp\/v2\/pages\/17237\/revisions"}],"predecessor-version":[{"id":17246,"href":"https:\/\/olioils.rs\/sr\/wp-json\/wp\/v2\/pages\/17237\/revisions\/17246"}],"wp:attachment":[{"href":"https:\/\/olioils.rs\/sr\/wp-json\/wp\/v2\/media?parent=17237"}],"curies":[{"name":"wp","href":"https:\/\/api.w.org\/{rel}","templated":true}]}}